{"id":4057,"date":"2024-02-05T16:00:30","date_gmt":"2024-02-05T16:00:30","guid":{"rendered":"https:\/\/globalstemwomen.org\/bogota"},"modified":"2024-07-31T07:23:58","modified_gmt":"2024-07-31T07:23:58","slug":"bogota","status":"publish","type":"page","link":"https:\/\/www.globalstemwomen.org\/es\/bogota","title":{"rendered":"Bogot\u00e1"},"content":{"rendered":"<section class=\"l-section wpb_row height_auto\"><div class=\"l-section-h i-cf\"><div class=\"g-cols vc_row via_grid cols_1 laptops-cols_inherit tablets-cols_inherit mobiles-cols_1 valign_top type_default stacking_default\"><div class=\"wpb_column vc_column_container\"><div class=\"vc_column-inner\">\n\t\t\t<!-- START Carrussel cabecera Bogota REVOLUTION SLIDER 6.7.38 --><p class=\"rs-p-wp-fix\"><\/p>\n\t\t\t<rs-module-wrap id=\"rev_slider_16_1_wrapper\" data-source=\"gallery\" style=\"visibility:hidden;background:transparent;padding:0;margin:0px auto;margin-top:0;margin-bottom:0;\">\n\t\t\t\t<rs-module id=\"rev_slider_16_1\" style=\"\" data-version=\"6.7.38\">\n\t\t\t\t\t<rs-slides style=\"overflow: hidden; position: absolute;\">\n\t\t\t\t\t\t<rs-slide style=\"position: absolute;\" data-key=\"rs-30\" data-title=\"BOGOTA 24\" data-in=\"o:0;\" data-out=\"a:false;\">\n\t\t\t\t\t\t\t<img decoding=\"async\" src=\"\/\/www.globalstemwomen.org\/wp-content\/plugins\/revslider\/sr6\/assets\/assets\/dummy.png\" alt=\"\" title=\"BOG_SWC_fondo_ciudad\" width=\"2560\" height=\"1440\" class=\"rev-slidebg tp-rs-img rs-lazyload\" data-lazyload=\"\/\/www.globalstemwomen.org\/wp-content\/uploads\/2024\/12\/BOG_SWC_fondo_ciudad-scaled.jpg\" data-no-retina>\n<!--\n\t\t\t\t\t\t\t--><rs-layer\n\t\t\t\t\t\t\t\tid=\"slider-16-slide-30-layer-0\" \n\t\t\t\t\t\t\t\tdata-type=\"text\"\n\t\t\t\t\t\t\t\tdata-color=\"#ffffff\"\n\t\t\t\t\t\t\t\tdata-rsp_ch=\"on\"\n\t\t\t\t\t\t\t\tdata-xy=\"x:c;y:286px;\"\n\t\t\t\t\t\t\t\tdata-text=\"w:normal;s:18;l:30;fw:600;a:center;\"\n\t\t\t\t\t\t\t\tdata-dim=\"w:309px;\"\n\t\t\t\t\t\t\t\tdata-frame_999=\"o:0;st:w;\"\n\t\t\t\t\t\t\t\tstyle=\"z-index:7;font-family:'Montserrat';\"\n\t\t\t\t\t\t\t>Powered by \n\t\t\t\t\t\t\t<\/rs-layer><!--\n\n\t\t\t\t\t\t\t--><rs-layer\n\t\t\t\t\t\t\t\tid=\"slider-16-slide-30-layer-1\" \n\t\t\t\t\t\t\t\tdata-type=\"text\"\n\t\t\t\t\t\t\t\tdata-color=\"#ffffff\"\n\t\t\t\t\t\t\t\tdata-rsp_ch=\"on\"\n\t\t\t\t\t\t\t\tdata-xy=\"x:c;xo:-1px;y:151px;\"\n\t\t\t\t\t\t\t\tdata-text=\"w:normal;s:60;l:60;fw:700;a:center;\"\n\t\t\t\t\t\t\t\tdata-dim=\"w:739px;h:127px;\"\n\t\t\t\t\t\t\t\tdata-frame_0=\"x:-175%;o:1;\"\n\t\t\t\t\t\t\t\tdata-frame_0_mask=\"u:t;x:100%;\"\n\t\t\t\t\t\t\t\tdata-frame_1=\"e:power3.out;sp:1000;\"\n\t\t\t\t\t\t\t\tdata-frame_1_mask=\"u:t;\"\n\t\t\t\t\t\t\t\tdata-frame_999=\"o:0;st:w;\"\n\t\t\t\t\t\t\t\tstyle=\"z-index:6;font-family:'Montserrat';\"\n\t\t\t\t\t\t\t>STEM Women Congress Medell\u00edn \n\t\t\t\t\t\t\t<\/rs-layer><!--\n\n\t\t\t\t\t\t\t--><rs-layer\n\t\t\t\t\t\t\t\tid=\"slider-16-slide-30-layer-5\" \n\t\t\t\t\t\t\t\tdata-type=\"object\"\n\t\t\t\t\t\t\t\tdata-rsp_ch=\"on\"\n\t\t\t\t\t\t\t\tdata-xy=\"x:c;y:17px;\"\n\t\t\t\t\t\t\t\tdata-text=\"w:normal;\"\n\t\t\t\t\t\t\t\tdata-frame_999=\"o:0;st:w;\"\n\t\t\t\t\t\t\t\tstyle=\"z-index:9;font-family:'Roboto';\"\n\t\t\t\t\t\t\t> \n\t\t\t\t\t\t\t<\/rs-layer><!--\n\n\t\t\t\t\t\t\t--><rs-layer\n\t\t\t\t\t\t\t\tid=\"slider-16-slide-30-layer-6\" \n\t\t\t\t\t\t\t\tdata-type=\"image\"\n\t\t\t\t\t\t\t\tdata-rsp_ch=\"on\"\n\t\t\t\t\t\t\t\tdata-xy=\"x:c;y:320px;\"\n\t\t\t\t\t\t\t\tdata-text=\"w:normal;\"\n\t\t\t\t\t\t\t\tdata-dim=\"w:171px;h:80px;\"\n\t\t\t\t\t\t\t\tdata-frame_999=\"o:0;st:w;\"\n\t\t\t\t\t\t\t\tstyle=\"z-index:10;\"\n\t\t\t\t\t\t\t><img decoding=\"async\" src=\"\/\/www.globalstemwomen.org\/wp-content\/plugins\/revslider\/sr6\/assets\/assets\/dummy.png\" alt=\"\" class=\"tp-rs-img rs-lazyload\" width=\"1388\" height=\"650\" data-lazyload=\"\/\/www.globalstemwomen.org\/wp-content\/uploads\/2024\/07\/1-logo_lineal.png\" data-no-retina> \n\t\t\t\t\t\t\t<\/rs-layer><!--\n\n\t\t\t\t\t\t\t--><a\n\t\t\t\t\t\t\t\tid=\"slider-16-slide-30-layer-7\" \n\t\t\t\t\t\t\t\tclass=\"rs-layer rev-btn\"\n\t\t\t\t\t\t\t\thref=\"https:\/\/lu.ma\/yzpo5953\" target=\"_blank\" rel=\"noopener\"\n\t\t\t\t\t\t\t\tdata-type=\"button\"\n\t\t\t\t\t\t\t\tdata-color=\"#ffc300\"\n\t\t\t\t\t\t\t\tdata-rsp_ch=\"on\"\n\t\t\t\t\t\t\t\tdata-xy=\"x:c;y:c;yo:144px;\"\n\t\t\t\t\t\t\t\tdata-text=\"w:normal;s:14;l:18;ls:1;a:center;\"\n\t\t\t\t\t\t\t\tdata-dim=\"minh:0px;\"\n\t\t\t\t\t\t\t\tdata-padding=\"t:8;r:20;b:8;l:20;\"\n\t\t\t\t\t\t\t\tdata-border=\"bor:30px,30px,30px,30px;\"\n\t\t\t\t\t\t\t\tdata-frame_999=\"o:0;st:w;\"\n\t\t\t\t\t\t\t\tdata-frame_hover=\"c:#000;bgc:#fff;bor:30px,30px,30px,30px;sp:200;\"\n\t\t\t\t\t\t\t\tstyle=\"z-index:11;background-color:rgba(0,0,0,0.75);font-family:'Roboto';text-transform:uppercase;\"\n\t\t\t\t\t\t\t>REGISTRATIONS<br \/>\n<i class=\"fa-chevron-down\"><\/i> \n\t\t\t\t\t\t\t<\/a><!--\n\n\t\t\t\t\t\t\t--><rs-layer\n\t\t\t\t\t\t\t\tid=\"slider-16-slide-30-layer-8\" \n\t\t\t\t\t\t\t\tdata-type=\"text\"\n\t\t\t\t\t\t\t\tdata-color=\"#fff\"\n\t\t\t\t\t\t\t\tdata-rsp_ch=\"on\"\n\t\t\t\t\t\t\t\tdata-xy=\"x:c;y:107px;\"\n\t\t\t\t\t\t\t\tdata-text=\"w:normal;s:25;l:30;ls:-1;a:center;\"\n\t\t\t\t\t\t\t\tdata-dim=\"w:258px;minh:0px;\"\n\t\t\t\t\t\t\t\tdata-frame_999=\"o:0;st:w;\"\n\t\t\t\t\t\t\t\tstyle=\"z-index:12;font-family:'Montserrat';\"\n\t\t\t\t\t\t\t>2026 \n\t\t\t\t\t\t\t<\/rs-layer><!--\n-->\t\t\t\t\t<\/rs-slide>\n\t\t\t\t\t<\/rs-slides>\n\t\t\t\t<\/rs-module>\n\t\t\t\t<script>\n\t\t\t\t\tsetREVStartSize({c: 'rev_slider_16_1',rl:[1240,1024,778,480],el:[600],gw:[1240],gh:[600],type:'standard',justify:'',layout:'fullwidth',mh:\"0\"});if (window.RS_MODULES!==undefined && window.RS_MODULES.modules!==undefined && window.RS_MODULES.modules[\"revslider161\"]!==undefined) {window.RS_MODULES.modules[\"revslider161\"].once = false;window.revapi16 = undefined;if (window.RS_MODULES.checkMinimal!==undefined) window.RS_MODULES.checkMinimal()}\n\t\t\t\t<\/script>\n\t\t\t<\/rs-module-wrap>\n\t\t\t<!-- END REVOLUTION SLIDER -->\n<\/div><\/div><\/div><\/div><\/section><section class=\"l-section wpb_row height_medium with_img parallax_ver\" id=\"program\"><div class=\"l-section-img\" role=\"img\" aria-label=\"Imagen\" data-img-width=\"3201\" data-img-height=\"1801\" style=\"background-image: url(https:\/\/www.globalstemwomen.org\/wp-content\/uploads\/2024\/01\/cercles-liles.png);\"><\/div><div class=\"l-section-overlay\" style=\"background:rgba(255,255,255,0.80)\"><\/div><div class=\"l-section-h i-cf\"><div class=\"g-cols vc_row via_grid cols_1 laptops-cols_inherit tablets-cols_inherit mobiles-cols_1 valign_top type_default stacking_default\"><div class=\"wpb_column vc_column_container us_custom_9d8fa76d\"><div class=\"vc_column-inner\"><div class=\"w-separator size_small\"><\/div><div class=\"wpb_text_column us_custom_b546d638 has_text_color\"><div class=\"wpb_wrapper\"><h4><strong>PROGRAMA<\/strong><\/h4>\n<\/div><\/div><div class=\"w-separator size_medium\"><\/div><div class=\"g-cols wpb_row via_grid cols_3 laptops-cols_inherit tablets-cols_inherit mobiles-cols_1 valign_top type_default stacking_default\" style=\"--columns-gap:3rem;\"><div class=\"wpb_column vc_column_container\"><div class=\"vc_column-inner\"><div class=\"wpb_text_column us_custom_56481151\"><div class=\"wpb_wrapper\"><p><strong>07:30 h<\/strong> <strong><span style=\"color: #800080;\">REGISTRO y NETWORKING \/ Feria Emprendedora<\/span><\/strong><\/p>\n<p><strong>08:30 h <span style=\"color: #800080;\">APERTURA DEL STEM WOMEN CONGRESS LATIN AMERICA<br \/>\n<\/span><\/strong><span style=\"color: #800080;\"><span style=\"color: #212121;\">Empowered by Geek Girls LatAm<\/span><\/span><strong><span style=\"color: #800080;\"><br \/>\n<span style=\"color: #212121;\">M\u00f3nica Zuluaga, <\/span><\/span><\/strong><span style=\"color: #800080;\"><span style=\"color: #212121;\">Host oficial<\/span><\/span><\/p>\n<p><strong>09:00 h<\/strong> <strong><span style=\"color: #800080;\">KEYNOTE: <em>El futuro de las Mujeres STEM<\/em><br \/>\n<\/span><\/strong><span style=\"color: #212121;\"><strong>Marcela Cendejas,<\/strong> CTO Honeywell LatAm<\/span><\/p>\n<p><span data-usefontface=\"true\" data-contrast=\"none\"><strong>9:50 h <\/strong>\u00a0<\/span><span data-usefontface=\"true\" data-contrast=\"none\"><strong><span style=\"color: #800080;\">PANEL: <em>Liderando el futuro STEM con sello p\u00farpura<\/em><br \/>\n<\/span><\/strong><\/span><strong>Ingrid Herna\u0301ndez,<\/strong> Asesora presidencial I Consejeri\u0301a de Transformacio\u0301n Digital Presidencia de la Repu\u0301blica de Colombia &#8211;<br \/>\n<strong>Rosario Ballesteros,<\/strong> Latina Preneur<br \/>\n<strong>Diana Salazar,<\/strong> Cofundadora de Geek Girls LatAm.<br \/>\nModerador: <strong>Luis Lo\u0301pez,<\/strong> Director de Asuntos de Gobierno 3M<span data-usefontface=\"true\" data-contrast=\"none\"><span style=\"color: #800080;\"><\/span><\/span><\/p>\n<p><span data-usefontface=\"true\" data-contrast=\"none\"><span style=\"color: #cc99ff;\"><strong><span style=\"color: #333333;\">10:30 h<\/span><span style=\"color: #800080;\"> COFFEE BREAK y VISITA FERIA EMPRENDEDORA \/ NETWORKING<\/span><\/strong><\/span><\/span><\/p>\n<\/div><\/div><\/div><\/div><div class=\"wpb_column vc_column_container\"><div class=\"vc_column-inner\"><div class=\"wpb_text_column us_custom_56481151\"><div class=\"wpb_wrapper\"><p><strong>11:05 h <span style=\"color: #800080;\">TALK 1:\u00a0 <em>Tecnolog\u00eda sostenible y experiencia de usuario<br \/>\n<\/em><\/span>Luisa Fernanda Roa,<\/strong> SAP Configuration Manager de INCHCAPE<span style=\"color: #800080;\"><\/span><\/p>\n<p><strong>11:25 h <span style=\"color: #800080;\">TALK 2: <em>Mujer l\u00edder STEAM<br \/>\n<\/em><\/span>Mari\u0301a Alejandra Botero,<\/strong> Ingeniera aeroespacial<\/p>\n<p><strong>11:45 h <span style=\"color: #800080;\">TALK 3: <em>La di\u00e1spora cient\u00edfica<br \/>\n<\/em><\/span>Elisa Chaparro,<\/strong> Asesora en pedagogi\u0301a y divulgacio\u0301n cienti\u0301fica SCIENTELAB<span style=\"color: #800080;\"><\/span><\/p>\n<p><strong>12:05 h <span style=\"color: #800080;\">TALK 4: Talento p\u00farpura<br \/>\n<\/span>Ximena Lasso,<\/strong> Contadora P\u00fablica, Geek Girls LatAm<br \/>\n<strong>Karen Alarc\u00f3n,<\/strong> Revenue Enablement Lead, Crehana<\/p>\n<p><strong>12:25 h<span style=\"color: #800080;\"> LANZAMIENTO STEM WOMEN CONGRESS ANNUAL REPORT COLOMBIA<\/span><\/strong><\/p>\n<p><strong>13:50 h <span style=\"color: #800080;\">TALK 5: Ni\u00f1as #Generaci\u00f3nSTEM<br \/>\n<\/span>Mariana Mambuscay\u00a0<\/strong><br \/>\n<strong>Anabella Aldana<\/strong><\/p>\n<p><strong>14:10 h <span style=\"color: #800080;\">KEYNOTE: <em>Educando el futuro con Coraz\u00f3n P\u00farpura<br \/>\n<\/em><\/span>Joanna Prieto,<\/strong> Co-Fundadora de Geek Girls LatAm<span style=\"color: #800080;\"><\/span><\/p>\n<\/div><\/div><\/div><\/div><div class=\"wpb_column vc_column_container\"><div class=\"vc_column-inner\"><div class=\"wpb_text_column us_custom_56481151\"><div class=\"wpb_wrapper\"><p><strong>14:50 h <span style=\"color: #800080;\">PANEL: <em>Educaci\u00f3n STEM con sello p\u00farpura<br \/>\n<\/em><\/span>Vicky Colbert,<\/strong> Directora Ejecutiva Escuela Nueva<br \/>\n<strong>Patricia Patin\u0303o,<\/strong> Associate Partner Ernst &amp; Young SAS<br \/>\n<strong>Sindey Bernal,<\/strong> Mejor Docente de Iberoame\u0301rica 2021<br \/>\nModerador: <strong>Andre\u0301s Mun\u0303oz,<\/strong> Coordinador Alianzas RED STEM Latinoame\u0301rica<\/p>\n<p><strong>15:45 h <span style=\"color: #800080;\">COFFEE BREAK y VISITA FERIA EMPRENDEDORA \/ NETWORKING<\/span><\/strong><\/p>\n<p><strong>16:25 h <span style=\"color: #800080;\">PANEL: <em>Generando riqueza y bienestar con talento STEM<br \/>\n<\/em><\/span>Mari\u0301a del Pilar Uribe,<\/strong> Secretaria de Desarrollo Econo\u0301mico Bogota\u0301 D.C<br \/>\n<strong>Mar\u00eda Isabela Mun\u0303oz,<\/strong> Directora Ejecutiva Invest in Bogota\u0301<br \/>\n<strong>Juanita Rodr\u00edguez,<\/strong> Gerente de Educaci\u00f3n, Cultura y Productividad de Colsubsidio<br \/>\nModerador: <strong>Andre\u0301s Felipe Villabona,<\/strong> Gerente de Modelos Anali\u0301ticos de Bancolombia<\/p>\n<p><strong>17:30 h <span style=\"color: #800080;\">Sorotitech: <\/span> <span style=\"color: #800080;\">Un espacio para conectar con el prop\u00f3sito p\u00farpura<\/span><\/strong><\/p>\n<p><strong>17:45 h <span style=\"color: #800080;\">COCKTAIL Cumplea\u00f1os GGL<\/span><\/strong><\/p>\n<p><strong>18:00 h <span style=\"color: #800080;\">Inauguracio\u0301n exposicio\u0301n \u201cColores Distorsionados\u201d<br \/>\n<\/span>Sara Alarco\u0301n, <\/strong>artista destacada por Geek Girls LatAm<\/p>\n<\/div><\/div><\/div><\/div><\/div><\/div><\/div><\/div><\/div><\/section><section class=\"l-section wpb_row height_medium\" id=\"ticket\"><div class=\"l-section-h i-cf\"><div class=\"g-cols vc_row via_grid cols_1 laptops-cols_inherit tablets-cols_inherit mobiles-cols_1 valign_top type_default stacking_default\"><div class=\"wpb_column vc_column_container\"><div class=\"vc_column-inner\"><div class=\"wpb_text_column us_custom_b546d638 has_text_color\"><div class=\"wpb_wrapper\"><h4><strong>COMPRA TU ENTRADA AHORA<\/strong><\/h4>\n<\/div><\/div><div class=\"w-html\"><script src=\"https:\/\/code.jquery.com\/jquery-1.10.2.min.js\" integrity=\"sha256-C6CB9UYIS9UJeqinPHWTHVqh\/E1uhG5Twh+Y5qFQmYg=\" crossorigin=\"anonymous\"><\/script>\n\n<script src=\"https:\/\/cdnjs.cloudflare.com\/ajax\/libs\/jquery-easing\/1.4.1\/jquery.easing.min.js\"><\/script>\n\n<script src=\"https:\/\/www.ticketcode.co\/assets\/ticketcode\/ticketcode-iframe.js\"><\/script>\n\n<iframe loading=\"lazy\" id=\"iframe_ticketcode\" type=\"text\/html\" height=\"600\" width=\"100%\" src=\"https:\/\/www.ticketcode.co\/iframe\/stem-women-congress-latinoamerica-powered-by-geek-girls-latam\" style=\"border:transparent\" scrolling=\"no\"><\/iframe><\/div><div class=\"wpb_text_column us_custom_b546d638 has_text_color\"><div class=\"wpb_wrapper\"><h4><strong>SOBRE GEEK GIRLS LATAM<\/strong><\/h4>\n<\/div><\/div><div class=\"w-separator size_small\"><\/div><div class=\"wpb_text_column\"><div class=\"wpb_wrapper\"><p>Geek Girls LatAm\u00a0es una <span class=\"gmail_default\">empresa social colombiana<\/span>\u00a0que\u00a0Inspira, Empodera y Conecta a + Ni\u00f1as, J\u00f3venes y Mujeres Latinas con la tecnolog\u00eda, la industria TI y su relaci\u00f3n directa con habilidades STEAM (Science, Technology, Engineering, Arts and Mathematics).\u00a0Como entidad sin \u00e1nimo de lucro, realiza actividades de bienestar social as\u00ed como procesos de transferencia y generaci\u00f3n de conocimiento que apoyen la transformaci\u00f3n tecnol\u00f3gica desde y hacia Latinoam\u00e9rica, donde se ven incluidas instituciones, empresas p\u00fablicas y privadas, academia y sociedad civil.\u00a0<span class=\"gmail_default\">Es la organizaci\u00f3n que trae por primera vez a Am\u00e9rica Latina una edici\u00f3n del STEM WOMEN CONGRESS, a realizarse en Bogot\u00e1 el 1 de Agosto de 2024, en el marco de su celebraci\u00f3n de cumplea\u00f1os No. 8.<\/span><\/p>\n<\/div><\/div><\/div><\/div><\/div><\/div><\/section>\n","protected":false},"excerpt":{"rendered":"Powered by STEM Women Congress Medell\u00edn REGISTRATIONS 2026 PROGRAMA 07:30 h REGISTRO y NETWORKING \/ Feria Emprendedora 08:30 h APERTURA DEL STEM WOMEN CONGRESS LATIN AMERICA Empowered by Geek Girls LatAm M\u00f3nica Zuluaga, Host oficial 09:00 h KEYNOTE: El futuro de las Mujeres STEM Marcela Cendejas, CTO Honeywell LatAm 9:50 h \u00a0PANEL: Liderando el futuro...","protected":false},"author":1,"featured_media":7606,"parent":0,"menu_order":0,"comment_status":"closed","ping_status":"closed","template":"","meta":{"_acf_changed":false,"footnotes":""},"class_list":["post-4057","page","type-page","status-publish","has-post-thumbnail","hentry"],"acf":[],"yoast_head":"<!-- This site is optimized with the Yoast SEO plugin v26.3 - https:\/\/yoast.com\/wordpress\/plugins\/seo\/ -->\n<title>STEM Women Congress Bogot\u00e1 - GSW<\/title>\n<meta name=\"description\" content=\"Nuestro evento principal es el STEM WOMEN CONGRESS una conferencia anual en enfocada en las STEM y la diversidad del pa\u00eds.\" \/>\n<meta name=\"robots\" content=\"index, follow, max-snippet:-1, max-image-preview:large, max-video-preview:-1\" \/>\n<link rel=\"canonical\" href=\"https:\/\/www.globalstemwomen.org\/es\/bogota\" \/>\n<meta property=\"og:locale\" content=\"es_ES\" \/>\n<meta property=\"og:type\" content=\"article\" \/>\n<meta property=\"og:title\" content=\"STEM Women Congress Bogot\u00e1 - GSW\" \/>\n<meta property=\"og:description\" content=\"Nuestro evento principal es el STEM WOMEN CONGRESS una conferencia anual en enfocada en las STEM y la diversidad del pa\u00eds.\" \/>\n<meta property=\"og:url\" content=\"https:\/\/www.globalstemwomen.org\/es\/bogota\" \/>\n<meta property=\"og:site_name\" content=\"GSW\" \/>\n<meta property=\"article:modified_time\" content=\"2024-07-31T07:23:58+00:00\" \/>\n<meta property=\"og:image\" content=\"https:\/\/www.globalstemwomen.org\/wp-content\/uploads\/2024\/02\/bannerbogotaok.jpg\" \/>\n\t<meta property=\"og:image:width\" content=\"1920\" \/>\n\t<meta property=\"og:image:height\" content=\"1080\" \/>\n\t<meta property=\"og:image:type\" content=\"image\/jpeg\" \/>\n<meta name=\"twitter:card\" content=\"summary_large_image\" \/>\n<meta name=\"twitter:label1\" content=\"Tiempo de lectura\" \/>\n\t<meta name=\"twitter:data1\" content=\"3 minutos\" \/>\n<script type=\"application\/ld+json\" class=\"yoast-schema-graph\">{\"@context\":\"https:\/\/schema.org\",\"@graph\":[{\"@type\":\"WebPage\",\"@id\":\"https:\/\/www.globalstemwomen.org\/es\/bogota\",\"url\":\"https:\/\/www.globalstemwomen.org\/es\/bogota\",\"name\":\"STEM Women Congress Bogot\u00e1 - GSW\",\"isPartOf\":{\"@id\":\"https:\/\/www.globalstemwomen.org\/es#website\"},\"primaryImageOfPage\":{\"@id\":\"https:\/\/www.globalstemwomen.org\/es\/bogota#primaryimage\"},\"image\":{\"@id\":\"https:\/\/www.globalstemwomen.org\/es\/bogota#primaryimage\"},\"thumbnailUrl\":\"https:\/\/www.globalstemwomen.org\/wp-content\/uploads\/2024\/12\/MEDELLIN_SWC_fondo_ciudad-scaled.jpg\",\"datePublished\":\"2024-02-05T16:00:30+00:00\",\"dateModified\":\"2024-07-31T07:23:58+00:00\",\"description\":\"Nuestro evento principal es el STEM WOMEN CONGRESS una conferencia anual en enfocada en las STEM y la diversidad del pa\u00eds.\",\"breadcrumb\":{\"@id\":\"https:\/\/www.globalstemwomen.org\/es\/bogota#breadcrumb\"},\"inLanguage\":\"es\",\"potentialAction\":[{\"@type\":\"ReadAction\",\"target\":[\"https:\/\/www.globalstemwomen.org\/es\/bogota\"]}]},{\"@type\":\"ImageObject\",\"inLanguage\":\"es\",\"@id\":\"https:\/\/www.globalstemwomen.org\/es\/bogota#primaryimage\",\"url\":\"https:\/\/www.globalstemwomen.org\/wp-content\/uploads\/2024\/12\/MEDELLIN_SWC_fondo_ciudad-scaled.jpg\",\"contentUrl\":\"https:\/\/www.globalstemwomen.org\/wp-content\/uploads\/2024\/12\/MEDELLIN_SWC_fondo_ciudad-scaled.jpg\",\"width\":2560,\"height\":1440},{\"@type\":\"BreadcrumbList\",\"@id\":\"https:\/\/www.globalstemwomen.org\/es\/bogota#breadcrumb\",\"itemListElement\":[{\"@type\":\"ListItem\",\"position\":1,\"name\":\"Portada\",\"item\":\"https:\/\/www.globalstemwomen.org\/es\"},{\"@type\":\"ListItem\",\"position\":2,\"name\":\"Bogot\u00e1\"}]},{\"@type\":\"WebSite\",\"@id\":\"https:\/\/www.globalstemwomen.org\/es#website\",\"url\":\"https:\/\/www.globalstemwomen.org\/es\",\"name\":\"GSW\",\"description\":\"Global STEM Women\",\"publisher\":{\"@id\":\"https:\/\/www.globalstemwomen.org\/es#organization\"},\"potentialAction\":[{\"@type\":\"SearchAction\",\"target\":{\"@type\":\"EntryPoint\",\"urlTemplate\":\"https:\/\/www.globalstemwomen.org\/es?s={search_term_string}\"},\"query-input\":{\"@type\":\"PropertyValueSpecification\",\"valueRequired\":true,\"valueName\":\"search_term_string\"}}],\"inLanguage\":\"es\"},{\"@type\":\"Organization\",\"@id\":\"https:\/\/www.globalstemwomen.org\/es#organization\",\"name\":\"Global Stem Women\",\"url\":\"https:\/\/www.globalstemwomen.org\/es\",\"logo\":{\"@type\":\"ImageObject\",\"inLanguage\":\"es\",\"@id\":\"https:\/\/www.globalstemwomen.org\/es#\/schema\/logo\/image\/\",\"url\":\"https:\/\/globalstemwomen.org\/wp-content\/uploads\/2023\/12\/GSW-logo--e1702398104772.png\",\"contentUrl\":\"https:\/\/globalstemwomen.org\/wp-content\/uploads\/2023\/12\/GSW-logo--e1702398104772.png\",\"width\":2637,\"height\":1224,\"caption\":\"Global Stem Women\"},\"image\":{\"@id\":\"https:\/\/www.globalstemwomen.org\/es#\/schema\/logo\/image\/\"}}]}<\/script>\n<!-- \/ Yoast SEO plugin. -->","yoast_head_json":{"title":"STEM Women Congress Bogot\u00e1 - GSW","description":"Nuestro evento principal es el STEM WOMEN CONGRESS una conferencia anual en enfocada en las STEM y la diversidad del pa\u00eds.","robots":{"index":"index","follow":"follow","max-snippet":"max-snippet:-1","max-image-preview":"max-image-preview:large","max-video-preview":"max-video-preview:-1"},"canonical":"https:\/\/www.globalstemwomen.org\/es\/bogota","og_locale":"es_ES","og_type":"article","og_title":"STEM Women Congress Bogot\u00e1 - GSW","og_description":"Nuestro evento principal es el STEM WOMEN CONGRESS una conferencia anual en enfocada en las STEM y la diversidad del pa\u00eds.","og_url":"https:\/\/www.globalstemwomen.org\/es\/bogota","og_site_name":"GSW","article_modified_time":"2024-07-31T07:23:58+00:00","og_image":[{"width":1920,"height":1080,"url":"https:\/\/www.globalstemwomen.org\/wp-content\/uploads\/2024\/02\/bannerbogotaok.jpg","type":"image\/jpeg"}],"twitter_card":"summary_large_image","twitter_misc":{"Tiempo de lectura":"3 minutos"},"schema":{"@context":"https:\/\/schema.org","@graph":[{"@type":"WebPage","@id":"https:\/\/www.globalstemwomen.org\/es\/bogota","url":"https:\/\/www.globalstemwomen.org\/es\/bogota","name":"STEM Women Congress Bogot\u00e1 - GSW","isPartOf":{"@id":"https:\/\/www.globalstemwomen.org\/es#website"},"primaryImageOfPage":{"@id":"https:\/\/www.globalstemwomen.org\/es\/bogota#primaryimage"},"image":{"@id":"https:\/\/www.globalstemwomen.org\/es\/bogota#primaryimage"},"thumbnailUrl":"https:\/\/www.globalstemwomen.org\/wp-content\/uploads\/2024\/12\/MEDELLIN_SWC_fondo_ciudad-scaled.jpg","datePublished":"2024-02-05T16:00:30+00:00","dateModified":"2024-07-31T07:23:58+00:00","description":"Nuestro evento principal es el STEM WOMEN CONGRESS una conferencia anual en enfocada en las STEM y la diversidad del pa\u00eds.","breadcrumb":{"@id":"https:\/\/www.globalstemwomen.org\/es\/bogota#breadcrumb"},"inLanguage":"es","potentialAction":[{"@type":"ReadAction","target":["https:\/\/www.globalstemwomen.org\/es\/bogota"]}]},{"@type":"ImageObject","inLanguage":"es","@id":"https:\/\/www.globalstemwomen.org\/es\/bogota#primaryimage","url":"https:\/\/www.globalstemwomen.org\/wp-content\/uploads\/2024\/12\/MEDELLIN_SWC_fondo_ciudad-scaled.jpg","contentUrl":"https:\/\/www.globalstemwomen.org\/wp-content\/uploads\/2024\/12\/MEDELLIN_SWC_fondo_ciudad-scaled.jpg","width":2560,"height":1440},{"@type":"BreadcrumbList","@id":"https:\/\/www.globalstemwomen.org\/es\/bogota#breadcrumb","itemListElement":[{"@type":"ListItem","position":1,"name":"Portada","item":"https:\/\/www.globalstemwomen.org\/es"},{"@type":"ListItem","position":2,"name":"Bogot\u00e1"}]},{"@type":"WebSite","@id":"https:\/\/www.globalstemwomen.org\/es#website","url":"https:\/\/www.globalstemwomen.org\/es","name":"GSW","description":"Global STEM Women","publisher":{"@id":"https:\/\/www.globalstemwomen.org\/es#organization"},"potentialAction":[{"@type":"SearchAction","target":{"@type":"EntryPoint","urlTemplate":"https:\/\/www.globalstemwomen.org\/es?s={search_term_string}"},"query-input":{"@type":"PropertyValueSpecification","valueRequired":true,"valueName":"search_term_string"}}],"inLanguage":"es"},{"@type":"Organization","@id":"https:\/\/www.globalstemwomen.org\/es#organization","name":"Global Stem Women","url":"https:\/\/www.globalstemwomen.org\/es","logo":{"@type":"ImageObject","inLanguage":"es","@id":"https:\/\/www.globalstemwomen.org\/es#\/schema\/logo\/image\/","url":"https:\/\/globalstemwomen.org\/wp-content\/uploads\/2023\/12\/GSW-logo--e1702398104772.png","contentUrl":"https:\/\/globalstemwomen.org\/wp-content\/uploads\/2023\/12\/GSW-logo--e1702398104772.png","width":2637,"height":1224,"caption":"Global Stem Women"},"image":{"@id":"https:\/\/www.globalstemwomen.org\/es#\/schema\/logo\/image\/"}}]}},"_links":{"self":[{"href":"https:\/\/www.globalstemwomen.org\/es\/wp-json\/wp\/v2\/pages\/4057","targetHints":{"allow":["GET"]}}],"collection":[{"href":"https:\/\/www.globalstemwomen.org\/es\/wp-json\/wp\/v2\/pages"}],"about":[{"href":"https:\/\/www.globalstemwomen.org\/es\/wp-json\/wp\/v2\/types\/page"}],"author":[{"embeddable":true,"href":"https:\/\/www.globalstemwomen.org\/es\/wp-json\/wp\/v2\/users\/1"}],"replies":[{"embeddable":true,"href":"https:\/\/www.globalstemwomen.org\/es\/wp-json\/wp\/v2\/comments?post=4057"}],"version-history":[{"count":20,"href":"https:\/\/www.globalstemwomen.org\/es\/wp-json\/wp\/v2\/pages\/4057\/revisions"}],"predecessor-version":[{"id":4758,"href":"https:\/\/www.globalstemwomen.org\/es\/wp-json\/wp\/v2\/pages\/4057\/revisions\/4758"}],"wp:featuredmedia":[{"embeddable":true,"href":"https:\/\/www.globalstemwomen.org\/es\/wp-json\/wp\/v2\/media\/7606"}],"wp:attachment":[{"href":"https:\/\/www.globalstemwomen.org\/es\/wp-json\/wp\/v2\/media?parent=4057"}],"curies":[{"name":"wp","href":"https:\/\/api.w.org\/{rel}","templated":true}]}}